{"id":1172,"date":"2024-04-30T07:13:13","date_gmt":"2024-04-30T06:13:13","guid":{"rendered":"http:\/\/royserconsulting.com\/?page_id=1172"},"modified":"2025-04-22T09:46:49","modified_gmt":"2025-04-22T08:46:49","slug":"accessibility-statement","status":"publish","type":"page","link":"https:\/\/royserconsulting.com\/en\/accessibility-statement\/","title":{"rendered":"Accessibility statement"},"content":{"rendered":"<div data-elementor-type=\"wp-page\" data-elementor-id=\"1172\" class=\"elementor elementor-1172\" data-elementor-post-type=\"page\">\n\t\t\t\t<div class=\"elementor-element elementor-element-c7b2b96 e-flex e-con-boxed e-con e-parent\" data-id=\"c7b2b96\" data-element_type=\"container\" data-e-type=\"container\" data-settings=\"{&quot;background_background&quot;:&quot;classic&quot;}\">\n\t\t\t\t\t<div class=\"e-con-inner\">\n\t\t\t\t<div class=\"elementor-element elementor-element-825cefe elementor-widget elementor-widget-heading\" data-id=\"825cefe\" data-element_type=\"widget\" data-e-type=\"widget\" data-widget_type=\"heading.default\">\n\t\t\t\t<div class=\"elementor-widget-container\">\n\t\t\t\t\t<h1 class=\"elementor-heading-title elementor-size-default\">Accessibility statement<\/h1>\t\t\t\t<\/div>\n\t\t\t\t<\/div>\n\t\t\t\t<div class=\"elementor-element elementor-element-8884f99 elementor-widget-divider--view-line elementor-widget elementor-widget-divider\" data-id=\"8884f99\" data-element_type=\"widget\" data-e-type=\"widget\" data-widget_type=\"divider.default\">\n\t\t\t\t<div class=\"elementor-widget-container\">\n\t\t\t\t\t\t\t<div class=\"elementor-divider\">\n\t\t\t<span class=\"elementor-divider-separator\">\n\t\t\t\t\t\t<\/span>\n\t\t<\/div>\n\t\t\t\t\t\t<\/div>\n\t\t\t\t<\/div>\n\t\t\t\t\t<\/div>\n\t\t\t\t<\/div>\n\t\t<div class=\"elementor-element elementor-element-345f774 e-flex e-con-boxed e-con e-parent\" data-id=\"345f774\" data-element_type=\"container\" data-e-type=\"container\" data-settings=\"{&quot;background_background&quot;:&quot;classic&quot;}\">\n\t\t\t\t\t<div class=\"e-con-inner\">\n\t\t\t\t<div class=\"elementor-element elementor-element-8f8ddd4 elementor-widget elementor-widget-text-editor\" data-id=\"8f8ddd4\" data-element_type=\"widget\" data-e-type=\"widget\" data-widget_type=\"text-editor.default\">\n\t\t\t\t<div class=\"elementor-widget-container\">\n\t\t\t\t\t\t\t\t\t<p data-pm-slice=\"1 3 []\">We are committed to making our website accessible in accordance with the\u00a0<a href=\"https:\/\/www.boe.es\/buscar\/act.php?id=BOE-A-2018-12699\" target=\"_blank\" rel=\"noopener noreferrer nofollow\">Royal Decree 1112\/2018, of September 7<\/a>, on accessibility of websites and applications for mobile devices in the public sector (hereinafter, Royal Decree 1112\/2018, of September 7).<\/p><p>\u00a0<\/p><p><strong>Compliance status<\/strong><\/p><p>This website is\u00a0<strong>partially compliant<\/strong>\u00a0with Royal Decree 1112\/2018, of September 7, due to the lack of conformity of the aspects indicated below.<\/p><p>\u00a0<\/p><p><strong>Content not accessible<\/strong><\/p><p>The content collected below is not accessible due to the following:<\/p><ol><li><p><strong>Disproportionate burden<\/strong>: does not apply.<\/p><\/li><\/ol><p>\u00a0<\/p><p><strong>Preparation of this accessibility statement<\/strong><\/p><p>This statement was prepared <mark data-color=\"#F5EAC0\">April 30, 2024<\/mark>.<\/p><p>The method used to prepare the declaration has been a self-assessment carried out by the organization itself.<\/p><p>\u00a0<\/p><p><strong>Observations and contact information<\/strong><\/p><p>You can make communications about accessibility requirements (article 10.2.a) of Royal Decree 1112\/2018, of September 7) such as, for example:<\/p><ul><li><p>Report any possible breach by this website.<\/p><\/li><li><p>Convey other content access difficulties.<\/p><\/li><li><p>Ask any other questions or suggestions for improvement regarding the accessibility of the website.<\/p><\/li><\/ul><p>Through the following means:<\/p><ul><li><p><mark data-color=\"#F5EAC0\">Email: <a href=\"mailto:INFO@ROYSERCONSULTING.COM\"><span style=\"font-weight: 400;\">INFO@ROYSERCONSULTING.COM<\/span><\/a><\/mark><\/p><\/li><\/ul><p>Communications will be received and processed by the company management, as the unit responsible for the contents of this website.<\/p><p>\u00a0<\/p><p><strong>Optional content<\/strong><\/p><p>The currently visible version of this website <mark data-color=\"#F5EAC0\">It is from April 2024<\/mark>\u00a0and on that date the review of the level of accessibility in force at the time was carried out.<\/p><p>From that date, partial daily reviews of new or modified web content are carried out, both of the templates and of the final published pages and documents, in order to ensure compliance with the accessibility requirements of the UNE-EN 301549 Standard. :2019, considering the exceptions of Royal Decree 1112\/2018, of September 7.<\/p><p>Among others, the following measures are adopted to facilitate accessibility:<\/p><ul><li><p>Using alternative text in images<\/p><\/li><li><p>Links provide details of the function or destination of the hyperlink<\/p><\/li><li><p>Use of W3C standards: XHTML 1.0, CSS 3.0, WAI AA.<\/p><\/li><\/ul>\t\t\t\t\t\t\t\t<\/div>\n\t\t\t\t<\/div>\n\t\t\t\t\t<\/div>\n\t\t\t\t<\/div>\n\t\t\t\t<\/div>","protected":false},"excerpt":{"rendered":"<p>Declaraci\u00f3n de accesibilidad Estamos comprometidos a hacer accesible nuestro sitio web de conformidad con el\u00a0Real Decreto 1112\/2018, de 7 de [&hellip;]<\/p>\n","protected":false},"author":1,"featured_media":0,"parent":0,"menu_order":0,"comment_status":"closed","ping_status":"closed","template":"","meta":{"site-sidebar-layout":"no-sidebar","site-content-layout":"","ast-site-content-layout":"full-width-container","site-content-style":"default","site-sidebar-style":"default","ast-global-header-display":"","ast-banner-title-visibility":"","ast-main-header-display":"","ast-hfb-above-header-display":"","ast-hfb-below-header-display":"","ast-hfb-mobile-header-display":"","site-post-title":"disabled","ast-breadcrumbs-content":"","ast-featured-img":"disabled","footer-sml-layout":"","ast-disable-related-posts":"","theme-transparent-header-meta":"","adv-header-id-meta":"","stick-header-meta":"","header-above-stick-meta":"","header-main-stick-meta":"","header-below-stick-meta":"","astra-migrate-meta-layouts":"default","ast-page-background-enabled":"default","ast-page-background-meta":{"desktop":{"background-color":"var(--ast-global-color-4)","background-image":"","background-repeat":"repeat","background-position":"center center","background-size":"auto","background-attachment":"scroll","background-type":"","background-media":"","overlay-type":"","overlay-color":"","overlay-opacity":"","overlay-gradient":""},"tablet":{"background-color":"","background-image":"","background-repeat":"repeat","background-position":"center center","background-size":"auto","background-attachment":"scroll","background-type":"","background-media":"","overlay-type":"","overlay-color":"","overlay-opacity":"","overlay-gradient":""},"mobile":{"background-color":"","background-image":"","background-repeat":"repeat","background-position":"center center","background-size":"auto","background-attachment":"scroll","background-type":"","background-media":"","overlay-type":"","overlay-color":"","overlay-opacity":"","overlay-gradient":""}},"ast-content-background-meta":{"desktop":{"background-color":"var(--ast-global-color-5)","background-image":"","background-repeat":"repeat","background-position":"center center","background-size":"auto","background-attachment":"scroll","background-type":"","background-media":"","overlay-type":"","overlay-color":"","overlay-opacity":"","overlay-gradient":""},"tablet":{"background-color":"var(--ast-global-color-5)","background-image":"","background-repeat":"repeat","background-position":"center center","background-size":"auto","background-attachment":"scroll","background-type":"","background-media":"","overlay-type":"","overlay-color":"","overlay-opacity":"","overlay-gradient":""},"mobile":{"background-color":"var(--ast-global-color-5)","background-image":"","background-repeat":"repeat","background-position":"center center","background-size":"auto","background-attachment":"scroll","background-type":"","background-media":"","overlay-type":"","overlay-color":"","overlay-opacity":"","overlay-gradient":""}},"footnotes":""},"class_list":["post-1172","page","type-page","status-publish","hentry"],"yoast_head":"<!-- This site is optimized with the Yoast SEO Premium plugin v25.2 (Yoast SEO v27.5) - https:\/\/yoast.com\/product\/yoast-seo-premium-wordpress\/ -->\n<title>Declaraci\u00f3n de accesibilidad - Royser Consulting<\/title>\n<meta name=\"robots\" content=\"index, follow, max-snippet:-1, max-image-preview:large, max-video-preview:-1\" \/>\n<link rel=\"canonical\" href=\"https:\/\/royserconsulting.com\/en\/accessibility-statement\/\" \/>\n<meta property=\"og:locale\" content=\"en_GB\" \/>\n<meta property=\"og:type\" content=\"article\" \/>\n<meta property=\"og:title\" content=\"Declaraci\u00f3n de accesibilidad\" \/>\n<meta property=\"og:description\" content=\"Declaraci\u00f3n de accesibilidad Estamos comprometidos a hacer accesible nuestro sitio web de conformidad con el\u00a0Real Decreto 1112\/2018, de 7 de [&hellip;]\" \/>\n<meta property=\"og:url\" content=\"https:\/\/royserconsulting.com\/en\/accessibility-statement\/\" \/>\n<meta property=\"og:site_name\" content=\"Royser Consulting\" \/>\n<meta property=\"article:modified_time\" content=\"2025-04-22T08:46:49+00:00\" \/>\n<meta name=\"twitter:card\" content=\"summary_large_image\" \/>\n<meta name=\"twitter:label1\" content=\"Estimated reading time\" \/>\n\t<meta name=\"twitter:data1\" content=\"2 minutes\" \/>\n<script type=\"application\/ld+json\" class=\"yoast-schema-graph\">{\"@context\":\"https:\\\/\\\/schema.org\",\"@graph\":[{\"@type\":\"WebPage\",\"@id\":\"https:\\\/\\\/royserconsulting.com\\\/declaracion-de-accesibilidad\\\/\",\"url\":\"https:\\\/\\\/royserconsulting.com\\\/declaracion-de-accesibilidad\\\/\",\"name\":\"Declaraci\u00f3n de accesibilidad - Royser Consulting\",\"isPartOf\":{\"@id\":\"https:\\\/\\\/royserconsulting.com\\\/#website\"},\"datePublished\":\"2024-04-30T06:13:13+00:00\",\"dateModified\":\"2025-04-22T08:46:49+00:00\",\"breadcrumb\":{\"@id\":\"https:\\\/\\\/royserconsulting.com\\\/declaracion-de-accesibilidad\\\/#breadcrumb\"},\"inLanguage\":\"en-GB\",\"potentialAction\":[{\"@type\":\"ReadAction\",\"target\":[\"https:\\\/\\\/royserconsulting.com\\\/declaracion-de-accesibilidad\\\/\"]}]},{\"@type\":\"BreadcrumbList\",\"@id\":\"https:\\\/\\\/royserconsulting.com\\\/declaracion-de-accesibilidad\\\/#breadcrumb\",\"itemListElement\":[{\"@type\":\"ListItem\",\"position\":1,\"name\":\"Home\",\"item\":\"https:\\\/\\\/royserconsulting.com\\\/\"},{\"@type\":\"ListItem\",\"position\":2,\"name\":\"Declaraci\u00f3n de accesibilidad\"}]},{\"@type\":\"WebSite\",\"@id\":\"https:\\\/\\\/royserconsulting.com\\\/#website\",\"url\":\"https:\\\/\\\/royserconsulting.com\\\/\",\"name\":\"Royser Consulting | Servicios de asesor\u00eda y gesti\u00f3n para empresas, aut\u00f3nomos y particulares\",\"description\":\"Asesor\u00eda y consultor\u00eda\",\"publisher\":{\"@id\":\"https:\\\/\\\/royserconsulting.com\\\/#organization\"},\"potentialAction\":[{\"@type\":\"SearchAction\",\"target\":{\"@type\":\"EntryPoint\",\"urlTemplate\":\"https:\\\/\\\/royserconsulting.com\\\/?s={search_term_string}\"},\"query-input\":{\"@type\":\"PropertyValueSpecification\",\"valueRequired\":true,\"valueName\":\"search_term_string\"}}],\"inLanguage\":\"en-GB\"},{\"@type\":[\"Organization\",\"Place\"],\"@id\":\"https:\\\/\\\/royserconsulting.com\\\/#organization\",\"name\":\"Royser Consulting | Servicios de asesor\u00eda y gesti\u00f3n para empresas, aut\u00f3nomos y particulares\",\"url\":\"https:\\\/\\\/royserconsulting.com\\\/\",\"logo\":{\"@id\":\"https:\\\/\\\/royserconsulting.com\\\/declaracion-de-accesibilidad\\\/#local-main-organization-logo\"},\"image\":{\"@id\":\"https:\\\/\\\/royserconsulting.com\\\/declaracion-de-accesibilidad\\\/#local-main-organization-logo\"},\"address\":{\"@id\":\"https:\\\/\\\/royserconsulting.com\\\/declaracion-de-accesibilidad\\\/#local-main-place-address\"},\"geo\":{\"@type\":\"GeoCoordinates\",\"latitude\":\"41.3432605584845\",\"longitude\":\"1.7044981710687273\"},\"telephone\":[\"616779821\"],\"openingHoursSpecification\":[{\"@type\":\"OpeningHoursSpecification\",\"dayOfWeek\":[\"Monday\",\"Tuesday\",\"Wednesday\",\"Thursday\",\"Friday\"],\"opens\":\"07:00\",\"closes\":\"18:00\"},{\"@type\":\"OpeningHoursSpecification\",\"dayOfWeek\":[\"Saturday\",\"Sunday\"],\"opens\":\"00:00\",\"closes\":\"00:00\"}],\"email\":\"info@royserconsulting.com\"},{\"@type\":\"PostalAddress\",\"@id\":\"https:\\\/\\\/royserconsulting.com\\\/declaracion-de-accesibilidad\\\/#local-main-place-address\",\"streetAddress\":\"Carrer de Cortina 16\",\"addressLocality\":\"Vilafranca del Pened\u00e8s\",\"postalCode\":\"08720\",\"addressRegion\":\"Abierto\",\"addressCountry\":\"ES\"},{\"@type\":\"ImageObject\",\"inLanguage\":\"en-GB\",\"@id\":\"https:\\\/\\\/royserconsulting.com\\\/declaracion-de-accesibilidad\\\/#local-main-organization-logo\",\"url\":\"https:\\\/\\\/royserconsulting.com\\\/wp-content\\\/uploads\\\/2024\\\/03\\\/Logo-Royser-Consulting-S.L.2-e1748588491405.jpg\",\"contentUrl\":\"https:\\\/\\\/royserconsulting.com\\\/wp-content\\\/uploads\\\/2024\\\/03\\\/Logo-Royser-Consulting-S.L.2-e1748588491405.jpg\",\"width\":330,\"height\":105,\"caption\":\"Royser Consulting | Servicios de asesor\u00eda y gesti\u00f3n para empresas, aut\u00f3nomos y particulares\"}]}<\/script>\n<meta name=\"geo.placename\" content=\"Vilafranca del Pened\u00e8s\" \/>\n<meta name=\"geo.position\" content=\"41.3432605584845;1.7044981710687273\" \/>\n<meta name=\"geo.region\" content=\"Spain\" \/>\n<!-- \/ Yoast SEO Premium plugin. -->","yoast_head_json":{"title":"Accessibility statement - Royser Consulting","robots":{"index":"index","follow":"follow","max-snippet":"max-snippet:-1","max-image-preview":"max-image-preview:large","max-video-preview":"max-video-preview:-1"},"canonical":"https:\/\/royserconsulting.com\/en\/accessibility-statement\/","og_locale":"en_GB","og_type":"article","og_title":"Declaraci\u00f3n de accesibilidad","og_description":"Declaraci\u00f3n de accesibilidad Estamos comprometidos a hacer accesible nuestro sitio web de conformidad con el\u00a0Real Decreto 1112\/2018, de 7 de [&hellip;]","og_url":"https:\/\/royserconsulting.com\/en\/accessibility-statement\/","og_site_name":"Royser Consulting","article_modified_time":"2025-04-22T08:46:49+00:00","twitter_card":"summary_large_image","twitter_misc":{"Estimated reading time":"2 minutes"},"schema":{"@context":"https:\/\/schema.org","@graph":[{"@type":"WebPage","@id":"https:\/\/royserconsulting.com\/declaracion-de-accesibilidad\/","url":"https:\/\/royserconsulting.com\/declaracion-de-accesibilidad\/","name":"Accessibility statement - Royser Consulting","isPartOf":{"@id":"https:\/\/royserconsulting.com\/#website"},"datePublished":"2024-04-30T06:13:13+00:00","dateModified":"2025-04-22T08:46:49+00:00","breadcrumb":{"@id":"https:\/\/royserconsulting.com\/declaracion-de-accesibilidad\/#breadcrumb"},"inLanguage":"en-GB","potentialAction":[{"@type":"ReadAction","target":["https:\/\/royserconsulting.com\/declaracion-de-accesibilidad\/"]}]},{"@type":"BreadcrumbList","@id":"https:\/\/royserconsulting.com\/declaracion-de-accesibilidad\/#breadcrumb","itemListElement":[{"@type":"ListItem","position":1,"name":"Home","item":"https:\/\/royserconsulting.com\/"},{"@type":"ListItem","position":2,"name":"Declaraci\u00f3n de accesibilidad"}]},{"@type":"WebSite","@id":"https:\/\/royserconsulting.com\/#website","url":"https:\/\/royserconsulting.com\/","name":"Royser Consulting | Consulting and management services for businesses, freelancers, and individuals","description":"Consulting and advisory services","publisher":{"@id":"https:\/\/royserconsulting.com\/#organization"},"potentialAction":[{"@type":"SearchAction","target":{"@type":"EntryPoint","urlTemplate":"https:\/\/royserconsulting.com\/?s={search_term_string}"},"query-input":{"@type":"PropertyValueSpecification","valueRequired":true,"valueName":"search_term_string"}}],"inLanguage":"en-GB"},{"@type":["Organization","Place"],"@id":"https:\/\/royserconsulting.com\/#organization","name":"Royser Consulting | Consulting and management services for businesses, freelancers, and individuals","url":"https:\/\/royserconsulting.com\/","logo":{"@id":"https:\/\/royserconsulting.com\/declaracion-de-accesibilidad\/#local-main-organization-logo"},"image":{"@id":"https:\/\/royserconsulting.com\/declaracion-de-accesibilidad\/#local-main-organization-logo"},"address":{"@id":"https:\/\/royserconsulting.com\/declaracion-de-accesibilidad\/#local-main-place-address"},"geo":{"@type":"GeoCoordinates","latitude":"41.3432605584845","longitude":"1.7044981710687273"},"telephone":["616779821"],"openingHoursSpecification":[{"@type":"OpeningHoursSpecification","dayOfWeek":["Monday","Tuesday","Wednesday","Thursday","Friday"],"opens":"07:00","closes":"18:00"},{"@type":"OpeningHoursSpecification","dayOfWeek":["Saturday","Sunday"],"opens":"00:00","closes":"00:00"}],"email":"info@royserconsulting.com"},{"@type":"PostalAddress","@id":"https:\/\/royserconsulting.com\/declaracion-de-accesibilidad\/#local-main-place-address","streetAddress":"Carrer de Cortina 16","addressLocality":"Vilafranca del Pened\u00e8s","postalCode":"08720","addressRegion":"Abierto","addressCountry":"ES"},{"@type":"ImageObject","inLanguage":"en-GB","@id":"https:\/\/royserconsulting.com\/declaracion-de-accesibilidad\/#local-main-organization-logo","url":"https:\/\/royserconsulting.com\/wp-content\/uploads\/2024\/03\/Logo-Royser-Consulting-S.L.2-e1748588491405.jpg","contentUrl":"https:\/\/royserconsulting.com\/wp-content\/uploads\/2024\/03\/Logo-Royser-Consulting-S.L.2-e1748588491405.jpg","width":330,"height":105,"caption":"Royser Consulting | Servicios de asesor\u00eda y gesti\u00f3n para empresas, aut\u00f3nomos y particulares"}]},"geo.placename":"Vilafranca del Pened\u00e8s","geo.position":{"lat":"41.3432605584845","long":"1.7044981710687273"},"geo.region":"Spain"},"_links":{"self":[{"href":"https:\/\/royserconsulting.com\/en\/wp-json\/wp\/v2\/pages\/1172","targetHints":{"allow":["GET"]}}],"collection":[{"href":"https:\/\/royserconsulting.com\/en\/wp-json\/wp\/v2\/pages"}],"about":[{"href":"https:\/\/royserconsulting.com\/en\/wp-json\/wp\/v2\/types\/page"}],"author":[{"embeddable":true,"href":"https:\/\/royserconsulting.com\/en\/wp-json\/wp\/v2\/users\/1"}],"replies":[{"embeddable":true,"href":"https:\/\/royserconsulting.com\/en\/wp-json\/wp\/v2\/comments?post=1172"}],"version-history":[{"count":4,"href":"https:\/\/royserconsulting.com\/en\/wp-json\/wp\/v2\/pages\/1172\/revisions"}],"predecessor-version":[{"id":1176,"href":"https:\/\/royserconsulting.com\/en\/wp-json\/wp\/v2\/pages\/1172\/revisions\/1176"}],"wp:attachment":[{"href":"https:\/\/royserconsulting.com\/en\/wp-json\/wp\/v2\/media?parent=1172"}],"curies":[{"name":"wp","href":"https:\/\/api.w.org\/{rel}","templated":true}]}}