{"id":1172,"date":"2024-04-30T07:13:13","date_gmt":"2024-04-30T06:13:13","guid":{"rendered":"http:\/\/royserconsulting.com\/?page_id=1172"},"modified":"2025-04-22T09:46:49","modified_gmt":"2025-04-22T08:46:49","slug":"declaracio-daccessibilitat","status":"publish","type":"page","link":"https:\/\/royserconsulting.com\/ca\/declaracio-daccessibilitat\/","title":{"rendered":"Declaraci\u00f3 d&#039;accessibilitat"},"content":{"rendered":"<div data-elementor-type=\"wp-page\" data-elementor-id=\"1172\" class=\"elementor elementor-1172\" data-elementor-post-type=\"page\">\n\t\t\t\t<div class=\"elementor-element elementor-element-c7b2b96 e-flex e-con-boxed e-con e-parent\" data-id=\"c7b2b96\" data-element_type=\"container\" data-e-type=\"container\" data-settings=\"{&quot;background_background&quot;:&quot;classic&quot;}\">\n\t\t\t\t\t<div class=\"e-con-inner\">\n\t\t\t\t<div class=\"elementor-element elementor-element-825cefe elementor-widget elementor-widget-heading\" data-id=\"825cefe\" data-element_type=\"widget\" data-e-type=\"widget\" data-widget_type=\"heading.default\">\n\t\t\t\t<div class=\"elementor-widget-container\">\n\t\t\t\t\t<h1 class=\"elementor-heading-title elementor-size-default\">Declaraci\u00f3 d&#039;accessibilitat<\/h1>\t\t\t\t<\/div>\n\t\t\t\t<\/div>\n\t\t\t\t<div class=\"elementor-element elementor-element-8884f99 elementor-widget-divider--view-line elementor-widget elementor-widget-divider\" data-id=\"8884f99\" data-element_type=\"widget\" data-e-type=\"widget\" data-widget_type=\"divider.default\">\n\t\t\t\t<div class=\"elementor-widget-container\">\n\t\t\t\t\t\t\t<div class=\"elementor-divider\">\n\t\t\t<span class=\"elementor-divider-separator\">\n\t\t\t\t\t\t<\/span>\n\t\t<\/div>\n\t\t\t\t\t\t<\/div>\n\t\t\t\t<\/div>\n\t\t\t\t\t<\/div>\n\t\t\t\t<\/div>\n\t\t<div class=\"elementor-element elementor-element-345f774 e-flex e-con-boxed e-con e-parent\" data-id=\"345f774\" data-element_type=\"container\" data-e-type=\"container\" data-settings=\"{&quot;background_background&quot;:&quot;classic&quot;}\">\n\t\t\t\t\t<div class=\"e-con-inner\">\n\t\t\t\t<div class=\"elementor-element elementor-element-8f8ddd4 elementor-widget elementor-widget-text-editor\" data-id=\"8f8ddd4\" data-element_type=\"widget\" data-e-type=\"widget\" data-widget_type=\"text-editor.default\">\n\t\t\t\t<div class=\"elementor-widget-container\">\n\t\t\t\t\t\t\t\t\t<p data-pm-slice=\"1 3 []\">Estem compromesos a fer accessible el nostre lloc web de conformitat amb el\u00a0<a href=\"https:\/\/www.boe.es\/buscar\/act.php?id=BOE-A-2018-12699\" target=\"_blank\" rel=\"noopener noreferrer nofollow\">Reial Decret 1112\/2018, de 7 de setembre<\/a>, sobre accessibilitat dels llocs web i aplicacions per a dispositius m\u00f2bils del sector p\u00fablic (d&#039;ara endavant, Reial Decret 1112\/2018, de 7 de setembre).<\/p><p>\u00a0<\/p><p><strong>Situaci\u00f3 de compliment<\/strong><\/p><p>Aquest lloc web \u00e9s\u00a0<strong>parcialment conforme<\/strong>\u00a0amb el Reial decret 1112\/2018, de 7 de setembre, a causa de la manca de conformitat dels aspectes que s&#039;indiquen a continuaci\u00f3.<\/p><p>\u00a0<\/p><p><strong>Contingut no accessible<\/strong><\/p><p>El contingut que es recull a continuaci\u00f3 no \u00e9s accessible pel seg\u00fcent:<\/p><ol><li><p><strong>C\u00e0rrega desproporcionada<\/strong>: no aplica.<\/p><\/li><\/ol><p>\u00a0<\/p><p><strong>Preparaci\u00f3 d&#039;aquesta declaraci\u00f3 d&#039;accessibilitat<\/strong><\/p><p>Aquesta declaraci\u00f3 va ser preparada <mark data-color=\"#F5EAC0\">el 30 d&#039;abril del 2024<\/mark>.<\/p><p>El m\u00e8tode emprat per preparar la declaraci\u00f3 ha estat una autoavaluaci\u00f3 duta a terme pel mateix organisme.<\/p><p>\u00a0<\/p><p><strong>Observacions i dades de contacte<\/strong><\/p><p>Podeu realitzar comunicacions sobre requisits d&#039;accessibilitat (article 10.2.a) del Reial decret 1112\/2018, de 7 de setembre) com, per exemple:<\/p><ul><li><p>Informar sobre qualsevol possible incompliment per part daquest lloc web.<\/p><\/li><li><p>Transmetre altres dificultats dacc\u00e9s al contingut.<\/p><\/li><li><p>Formular qualsevol altra consulta o suggeriment de millora relativa a laccessibilitat del lloc web.<\/p><\/li><\/ul><p>A trav\u00e9s de les vies seg\u00fcents:<\/p><ul><li><p><mark data-color=\"#F5EAC0\">Correu electr\u00f2nic: <a href=\"mailto:INFO@ROYSERCONSULTING.COM\"><span style=\"font-weight: 400;\">INFO@ROYSERCONSULTING.COM<\/span><\/a><\/mark><\/p><\/li><\/ul><p>Les comunicacions seran rebudes i tractades per l&#039;adre\u00e7a de l&#039;empresa com a unitat responsable dels continguts d&#039;aquest lloc web.<\/p><p>\u00a0<\/p><p><strong>Contingut opcional<\/strong><\/p><p>La versi\u00f3 visible d&#039;aquest lloc web actualment <mark data-color=\"#F5EAC0\">\u00e9s d&#039;abril del 2024<\/mark>\u00a0i en aquesta data es va fer la revisi\u00f3 del nivell daccessibilitat vigent en el moment.<\/p><p>A partir de la data esmentada es duen a terme revisions parcials di\u00e0ries del contingut web nou o modificat, tant de les plantilles com de les p\u00e0gines i documents finals publicats, a fi d&#039;assegurar el compliment dels requeriments d&#039;accessibilitat de la Norma UNE-EN 301549 :2019, considerant les excepcions del Reial decret 1112\/2018, de 7 de setembre.<\/p><p>Entre altres, s&#039;adopten les mesures seg\u00fcents per facilitar l&#039;accessibilitat:<\/p><ul><li><p>Utilitzaci\u00f3 de text alternatiu a les imatges<\/p><\/li><li><p>Els enlla\u00e7os ofereixen detalls de la funci\u00f3 o destinaci\u00f3 de l&#039;hiperenlla\u00e7<\/p><\/li><li><p>\u00das dels est\u00e0ndards del W3C: XHTML 1.0, CSS 3.0, WAI AA.<\/p><\/li><\/ul>\t\t\t\t\t\t\t\t<\/div>\n\t\t\t\t<\/div>\n\t\t\t\t\t<\/div>\n\t\t\t\t<\/div>\n\t\t\t\t<\/div>","protected":false},"excerpt":{"rendered":"<p>Declaraci\u00f3n de accesibilidad Estamos comprometidos a hacer accesible nuestro sitio web de conformidad con el\u00a0Real Decreto 1112\/2018, de 7 de [&hellip;]<\/p>\n","protected":false},"author":1,"featured_media":0,"parent":0,"menu_order":0,"comment_status":"closed","ping_status":"closed","template":"","meta":{"site-sidebar-layout":"no-sidebar","site-content-layout":"","ast-site-content-layout":"full-width-container","site-content-style":"default","site-sidebar-style":"default","ast-global-header-display":"","ast-banner-title-visibility":"","ast-main-header-display":"","ast-hfb-above-header-display":"","ast-hfb-below-header-display":"","ast-hfb-mobile-header-display":"","site-post-title":"disabled","ast-breadcrumbs-content":"","ast-featured-img":"disabled","footer-sml-layout":"","ast-disable-related-posts":"","theme-transparent-header-meta":"","adv-header-id-meta":"","stick-header-meta":"","header-above-stick-meta":"","header-main-stick-meta":"","header-below-stick-meta":"","astra-migrate-meta-layouts":"default","ast-page-background-enabled":"default","ast-page-background-meta":{"desktop":{"background-color":"var(--ast-global-color-4)","background-image":"","background-repeat":"repeat","background-position":"center center","background-size":"auto","background-attachment":"scroll","background-type":"","background-media":"","overlay-type":"","overlay-color":"","overlay-opacity":"","overlay-gradient":""},"tablet":{"background-color":"","background-image":"","background-repeat":"repeat","background-position":"center center","background-size":"auto","background-attachment":"scroll","background-type":"","background-media":"","overlay-type":"","overlay-color":"","overlay-opacity":"","overlay-gradient":""},"mobile":{"background-color":"","background-image":"","background-repeat":"repeat","background-position":"center center","background-size":"auto","background-attachment":"scroll","background-type":"","background-media":"","overlay-type":"","overlay-color":"","overlay-opacity":"","overlay-gradient":""}},"ast-content-background-meta":{"desktop":{"background-color":"var(--ast-global-color-5)","background-image":"","background-repeat":"repeat","background-position":"center center","background-size":"auto","background-attachment":"scroll","background-type":"","background-media":"","overlay-type":"","overlay-color":"","overlay-opacity":"","overlay-gradient":""},"tablet":{"background-color":"var(--ast-global-color-5)","background-image":"","background-repeat":"repeat","background-position":"center center","background-size":"auto","background-attachment":"scroll","background-type":"","background-media":"","overlay-type":"","overlay-color":"","overlay-opacity":"","overlay-gradient":""},"mobile":{"background-color":"var(--ast-global-color-5)","background-image":"","background-repeat":"repeat","background-position":"center center","background-size":"auto","background-attachment":"scroll","background-type":"","background-media":"","overlay-type":"","overlay-color":"","overlay-opacity":"","overlay-gradient":""}},"footnotes":""},"class_list":["post-1172","page","type-page","status-publish","hentry"],"yoast_head":"<!-- This site is optimized with the Yoast SEO Premium plugin v25.2 (Yoast SEO v27.5) - https:\/\/yoast.com\/product\/yoast-seo-premium-wordpress\/ -->\n<title>Declaraci\u00f3n de accesibilidad - Royser Consulting<\/title>\n<meta name=\"robots\" content=\"index, follow, max-snippet:-1, max-image-preview:large, max-video-preview:-1\" \/>\n<link rel=\"canonical\" href=\"https:\/\/royserconsulting.com\/ca\/declaracio-daccessibilitat\/\" \/>\n<meta property=\"og:locale\" content=\"ca_ES\" \/>\n<meta property=\"og:type\" content=\"article\" \/>\n<meta property=\"og:title\" content=\"Declaraci\u00f3n de accesibilidad\" \/>\n<meta property=\"og:description\" content=\"Declaraci\u00f3n de accesibilidad Estamos comprometidos a hacer accesible nuestro sitio web de conformidad con el\u00a0Real Decreto 1112\/2018, de 7 de [&hellip;]\" \/>\n<meta property=\"og:url\" content=\"https:\/\/royserconsulting.com\/ca\/declaracio-daccessibilitat\/\" \/>\n<meta property=\"og:site_name\" content=\"Royser Consulting\" \/>\n<meta property=\"article:modified_time\" content=\"2025-04-22T08:46:49+00:00\" \/>\n<meta name=\"twitter:card\" content=\"summary_large_image\" \/>\n<meta name=\"twitter:label1\" content=\"Temps estimat de lectura\" \/>\n\t<meta name=\"twitter:data1\" content=\"2 minuts\" \/>\n<script type=\"application\/ld+json\" class=\"yoast-schema-graph\">{\"@context\":\"https:\\\/\\\/schema.org\",\"@graph\":[{\"@type\":\"WebPage\",\"@id\":\"https:\\\/\\\/royserconsulting.com\\\/declaracion-de-accesibilidad\\\/\",\"url\":\"https:\\\/\\\/royserconsulting.com\\\/declaracion-de-accesibilidad\\\/\",\"name\":\"Declaraci\u00f3n de accesibilidad - Royser Consulting\",\"isPartOf\":{\"@id\":\"https:\\\/\\\/royserconsulting.com\\\/#website\"},\"datePublished\":\"2024-04-30T06:13:13+00:00\",\"dateModified\":\"2025-04-22T08:46:49+00:00\",\"breadcrumb\":{\"@id\":\"https:\\\/\\\/royserconsulting.com\\\/declaracion-de-accesibilidad\\\/#breadcrumb\"},\"inLanguage\":\"ca\",\"potentialAction\":[{\"@type\":\"ReadAction\",\"target\":[\"https:\\\/\\\/royserconsulting.com\\\/declaracion-de-accesibilidad\\\/\"]}]},{\"@type\":\"BreadcrumbList\",\"@id\":\"https:\\\/\\\/royserconsulting.com\\\/declaracion-de-accesibilidad\\\/#breadcrumb\",\"itemListElement\":[{\"@type\":\"ListItem\",\"position\":1,\"name\":\"Home\",\"item\":\"https:\\\/\\\/royserconsulting.com\\\/\"},{\"@type\":\"ListItem\",\"position\":2,\"name\":\"Declaraci\u00f3n de accesibilidad\"}]},{\"@type\":\"WebSite\",\"@id\":\"https:\\\/\\\/royserconsulting.com\\\/#website\",\"url\":\"https:\\\/\\\/royserconsulting.com\\\/\",\"name\":\"Royser Consulting | Servicios de asesor\u00eda y gesti\u00f3n para empresas, aut\u00f3nomos y particulares\",\"description\":\"Asesor\u00eda y consultor\u00eda\",\"publisher\":{\"@id\":\"https:\\\/\\\/royserconsulting.com\\\/#organization\"},\"potentialAction\":[{\"@type\":\"SearchAction\",\"target\":{\"@type\":\"EntryPoint\",\"urlTemplate\":\"https:\\\/\\\/royserconsulting.com\\\/?s={search_term_string}\"},\"query-input\":{\"@type\":\"PropertyValueSpecification\",\"valueRequired\":true,\"valueName\":\"search_term_string\"}}],\"inLanguage\":\"ca\"},{\"@type\":[\"Organization\",\"Place\"],\"@id\":\"https:\\\/\\\/royserconsulting.com\\\/#organization\",\"name\":\"Royser Consulting | Servicios de asesor\u00eda y gesti\u00f3n para empresas, aut\u00f3nomos y particulares\",\"url\":\"https:\\\/\\\/royserconsulting.com\\\/\",\"logo\":{\"@id\":\"https:\\\/\\\/royserconsulting.com\\\/declaracion-de-accesibilidad\\\/#local-main-organization-logo\"},\"image\":{\"@id\":\"https:\\\/\\\/royserconsulting.com\\\/declaracion-de-accesibilidad\\\/#local-main-organization-logo\"},\"address\":{\"@id\":\"https:\\\/\\\/royserconsulting.com\\\/declaracion-de-accesibilidad\\\/#local-main-place-address\"},\"geo\":{\"@type\":\"GeoCoordinates\",\"latitude\":\"41.3432605584845\",\"longitude\":\"1.7044981710687273\"},\"telephone\":[\"616779821\"],\"openingHoursSpecification\":[{\"@type\":\"OpeningHoursSpecification\",\"dayOfWeek\":[\"Monday\",\"Tuesday\",\"Wednesday\",\"Thursday\",\"Friday\"],\"opens\":\"07:00\",\"closes\":\"18:00\"},{\"@type\":\"OpeningHoursSpecification\",\"dayOfWeek\":[\"Saturday\",\"Sunday\"],\"opens\":\"00:00\",\"closes\":\"00:00\"}],\"email\":\"info@royserconsulting.com\"},{\"@type\":\"PostalAddress\",\"@id\":\"https:\\\/\\\/royserconsulting.com\\\/declaracion-de-accesibilidad\\\/#local-main-place-address\",\"streetAddress\":\"Carrer de Cortina 16\",\"addressLocality\":\"Vilafranca del Pened\u00e8s\",\"postalCode\":\"08720\",\"addressRegion\":\"Abierto\",\"addressCountry\":\"ES\"},{\"@type\":\"ImageObject\",\"inLanguage\":\"ca\",\"@id\":\"https:\\\/\\\/royserconsulting.com\\\/declaracion-de-accesibilidad\\\/#local-main-organization-logo\",\"url\":\"https:\\\/\\\/royserconsulting.com\\\/wp-content\\\/uploads\\\/2024\\\/03\\\/Logo-Royser-Consulting-S.L.2-e1748588491405.jpg\",\"contentUrl\":\"https:\\\/\\\/royserconsulting.com\\\/wp-content\\\/uploads\\\/2024\\\/03\\\/Logo-Royser-Consulting-S.L.2-e1748588491405.jpg\",\"width\":330,\"height\":105,\"caption\":\"Royser Consulting | Servicios de asesor\u00eda y gesti\u00f3n para empresas, aut\u00f3nomos y particulares\"}]}<\/script>\n<meta name=\"geo.placename\" content=\"Vilafranca del Pened\u00e8s\" \/>\n<meta name=\"geo.position\" content=\"41.3432605584845;1.7044981710687273\" \/>\n<meta name=\"geo.region\" content=\"Espanya\" \/>\n<!-- \/ Yoast SEO Premium plugin. -->","yoast_head_json":{"title":"Declaraci\u00f3 d&#039;accessibilitat - Royser Consulting","robots":{"index":"index","follow":"follow","max-snippet":"max-snippet:-1","max-image-preview":"max-image-preview:large","max-video-preview":"max-video-preview:-1"},"canonical":"https:\/\/royserconsulting.com\/ca\/declaracio-daccessibilitat\/","og_locale":"ca_ES","og_type":"article","og_title":"Declaraci\u00f3n de accesibilidad","og_description":"Declaraci\u00f3n de accesibilidad Estamos comprometidos a hacer accesible nuestro sitio web de conformidad con el\u00a0Real Decreto 1112\/2018, de 7 de [&hellip;]","og_url":"https:\/\/royserconsulting.com\/ca\/declaracio-daccessibilitat\/","og_site_name":"Royser Consulting","article_modified_time":"2025-04-22T08:46:49+00:00","twitter_card":"summary_large_image","twitter_misc":{"Temps estimat de lectura":"2 minuts"},"schema":{"@context":"https:\/\/schema.org","@graph":[{"@type":"WebPage","@id":"https:\/\/royserconsulting.com\/declaracion-de-accesibilidad\/","url":"https:\/\/royserconsulting.com\/declaracion-de-accesibilidad\/","name":"Declaraci\u00f3 d&#039;accessibilitat - Royser Consulting","isPartOf":{"@id":"https:\/\/royserconsulting.com\/#website"},"datePublished":"2024-04-30T06:13:13+00:00","dateModified":"2025-04-22T08:46:49+00:00","breadcrumb":{"@id":"https:\/\/royserconsulting.com\/declaracion-de-accesibilidad\/#breadcrumb"},"inLanguage":"ca","potentialAction":[{"@type":"ReadAction","target":["https:\/\/royserconsulting.com\/declaracion-de-accesibilidad\/"]}]},{"@type":"BreadcrumbList","@id":"https:\/\/royserconsulting.com\/declaracion-de-accesibilidad\/#breadcrumb","itemListElement":[{"@type":"ListItem","position":1,"name":"Home","item":"https:\/\/royserconsulting.com\/"},{"@type":"ListItem","position":2,"name":"Declaraci\u00f3n de accesibilidad"}]},{"@type":"WebSite","@id":"https:\/\/royserconsulting.com\/#website","url":"https:\/\/royserconsulting.com\/","name":"Royser Consulting | Serveis d&#039;assessoria i gesti\u00f3 per a empreses, aut\u00f2noms i particulars","description":"Assessoria i consultoria","publisher":{"@id":"https:\/\/royserconsulting.com\/#organization"},"potentialAction":[{"@type":"SearchAction","target":{"@type":"EntryPoint","urlTemplate":"https:\/\/royserconsulting.com\/?s={search_term_string}"},"query-input":{"@type":"PropertyValueSpecification","valueRequired":true,"valueName":"search_term_string"}}],"inLanguage":"ca"},{"@type":["Organization","Place"],"@id":"https:\/\/royserconsulting.com\/#organization","name":"Royser Consulting | Serveis d&#039;assessoria i gesti\u00f3 per a empreses, aut\u00f2noms i particulars","url":"https:\/\/royserconsulting.com\/","logo":{"@id":"https:\/\/royserconsulting.com\/declaracion-de-accesibilidad\/#local-main-organization-logo"},"image":{"@id":"https:\/\/royserconsulting.com\/declaracion-de-accesibilidad\/#local-main-organization-logo"},"address":{"@id":"https:\/\/royserconsulting.com\/declaracion-de-accesibilidad\/#local-main-place-address"},"geo":{"@type":"GeoCoordinates","latitude":"41.3432605584845","longitude":"1.7044981710687273"},"telephone":["616779821"],"openingHoursSpecification":[{"@type":"OpeningHoursSpecification","dayOfWeek":["Monday","Tuesday","Wednesday","Thursday","Friday"],"opens":"07:00","closes":"18:00"},{"@type":"OpeningHoursSpecification","dayOfWeek":["Saturday","Sunday"],"opens":"00:00","closes":"00:00"}],"email":"info@royserconsulting.com"},{"@type":"PostalAddress","@id":"https:\/\/royserconsulting.com\/declaracion-de-accesibilidad\/#local-main-place-address","streetAddress":"Carrer de Cortina 16","addressLocality":"Vilafranca del Pened\u00e8s","postalCode":"08720","addressRegion":"Abierto","addressCountry":"ES"},{"@type":"ImageObject","inLanguage":"ca","@id":"https:\/\/royserconsulting.com\/declaracion-de-accesibilidad\/#local-main-organization-logo","url":"https:\/\/royserconsulting.com\/wp-content\/uploads\/2024\/03\/Logo-Royser-Consulting-S.L.2-e1748588491405.jpg","contentUrl":"https:\/\/royserconsulting.com\/wp-content\/uploads\/2024\/03\/Logo-Royser-Consulting-S.L.2-e1748588491405.jpg","width":330,"height":105,"caption":"Royser Consulting | Servicios de asesor\u00eda y gesti\u00f3n para empresas, aut\u00f3nomos y particulares"}]},"geo.placename":"Vilafranca del Pened\u00e8s","geo.position":{"lat":"41.3432605584845","long":"1.7044981710687273"},"geo.region":"Espanya"},"_links":{"self":[{"href":"https:\/\/royserconsulting.com\/ca\/wp-json\/wp\/v2\/pages\/1172","targetHints":{"allow":["GET"]}}],"collection":[{"href":"https:\/\/royserconsulting.com\/ca\/wp-json\/wp\/v2\/pages"}],"about":[{"href":"https:\/\/royserconsulting.com\/ca\/wp-json\/wp\/v2\/types\/page"}],"author":[{"embeddable":true,"href":"https:\/\/royserconsulting.com\/ca\/wp-json\/wp\/v2\/users\/1"}],"replies":[{"embeddable":true,"href":"https:\/\/royserconsulting.com\/ca\/wp-json\/wp\/v2\/comments?post=1172"}],"version-history":[{"count":4,"href":"https:\/\/royserconsulting.com\/ca\/wp-json\/wp\/v2\/pages\/1172\/revisions"}],"predecessor-version":[{"id":1176,"href":"https:\/\/royserconsulting.com\/ca\/wp-json\/wp\/v2\/pages\/1172\/revisions\/1176"}],"wp:attachment":[{"href":"https:\/\/royserconsulting.com\/ca\/wp-json\/wp\/v2\/media?parent=1172"}],"curies":[{"name":"wp","href":"https:\/\/api.w.org\/{rel}","templated":true}]}}